{"id":18,"date":"2024-08-15T14:35:50","date_gmt":"2024-08-15T14:35:50","guid":{"rendered":"https:\/\/ric1.de\/?page_id=18"},"modified":"2024-08-16T07:33:29","modified_gmt":"2024-08-16T07:33:29","slug":"ueber-mich","status":"publish","type":"page","link":"https:\/\/ric1.de\/index.php\/ueber-mich\/","title":{"rendered":"\u00dcber mich"},"content":{"rendered":"","protected":true},"excerpt":{"rendered":"","protected":true},"author":1,"featured_media":0,"parent":0,"menu_order":0,"comment_status":"closed","ping_status":"closed","template":"","meta":{"site-sidebar-layout":"default","site-content-layout":"","ast-site-content-layout":"","site-content-style":"default","site-sidebar-style":"default","ast-global-header-display":"","ast-banner-title-visibility":"","ast-main-header-display":"","ast-hfb-above-header-display":"","ast-hfb-below-header-display":"","ast-hfb-mobile-header-display":"","site-post-title":"","ast-breadcrumbs-content":"","ast-featured-img":"","footer-sml-layout":"","theme-transparent-header-meta":"","adv-header-id-meta":"","stick-header-meta":"","header-above-stick-meta":"","header-main-stick-meta":"","header-below-stick-meta":"","astra-migrate-meta-layouts":"default","ast-page-background-enabled":"default","ast-page-background-meta":{"desktop":{"background-color":"var(--ast-global-color-4)","background-image":"","background-repeat":"repeat","background-position":"center center","background-size":"auto","background-attachment":"scroll","background-type":"","background-media":"","overlay-type":"","overlay-color":"","overlay-opacity":"","overlay-gradient":""},"tablet":{"background-color":"","background-image":"","background-repeat":"repeat","background-position":"center center","background-size":"auto","background-attachment":"scroll","background-type":"","background-media":"","overlay-type":"","overlay-color":"","overlay-opacity":"","overlay-gradient":""},"mobile":{"background-color":"","background-image":"","background-repeat":"repeat","background-position":"center center","background-size":"auto","background-attachment":"scroll","background-type":"","background-media":"","overlay-type":"","overlay-color":"","overlay-opacity":"","overlay-gradient":""}},"ast-content-background-meta":{"desktop":{"background-color":"var(--ast-global-color-5)","background-image":"","background-repeat":"repeat","background-position":"center center","background-size":"auto","background-attachment":"scroll","background-type":"","background-media":"","overlay-type":"","overlay-color":"","overlay-opacity":"","overlay-gradient":""},"tablet":{"background-color":"var(--ast-global-color-5)","background-image":"","background-repeat":"repeat","background-position":"center center","background-size":"auto","background-attachment":"scroll","background-type":"","background-media":"","overlay-type":"","overlay-color":"","overlay-opacity":"","overlay-gradient":""},"mobile":{"background-color":"var(--ast-global-color-5)","background-image":"","background-repeat":"repeat","background-position":"center center","background-size":"auto","background-attachment":"scroll","background-type":"","background-media":"","overlay-type":"","overlay-color":"","overlay-opacity":"","overlay-gradient":""}},"footnotes":""},"class_list":["post-18","page","type-page","status-publish","post-password-required","hentry"],"yoast_head":"<!-- This site is optimized with the Yoast SEO plugin v23.2 - https:\/\/yoast.com\/wordpress\/plugins\/seo\/ -->\n<title>\u00dcber mich - der Richisseur<\/title>\n<meta name=\"description\" content=\"Informationen \u00fcber den Filmemacher, pers\u00f6nlicher Background, Erfahrung mit Videoproduktion und Bearbeitung\" \/>\n<meta name=\"robots\" content=\"index, follow, max-snippet:-1, max-image-preview:large, max-video-preview:-1\" \/>\n<link rel=\"canonical\" href=\"https:\/\/ric1.de\/index.php\/ueber-mich\/\" \/>\n<meta property=\"og:locale\" content=\"de_DE\" \/>\n<meta property=\"og:type\" content=\"article\" \/>\n<meta property=\"og:title\" content=\"\u00dcber mich - der Richisseur\" \/>\n<meta property=\"og:description\" content=\"Informationen \u00fcber den Filmemacher, pers\u00f6nlicher Background, Erfahrung mit Videoproduktion und Bearbeitung\" \/>\n<meta property=\"og:url\" content=\"https:\/\/ric1.de\/index.php\/ueber-mich\/\" \/>\n<meta property=\"og:site_name\" content=\"Home\" \/>\n<meta property=\"article:modified_time\" content=\"2024-08-16T07:33:29+00:00\" \/>\n<meta name=\"twitter:card\" content=\"summary_large_image\" \/>\n<meta name=\"twitter:label1\" content=\"Gesch\u00e4tzte Lesezeit\" \/>\n\t<meta name=\"twitter:data1\" content=\"1\u00a0Minute\" \/>\n<script type=\"application\/ld+json\" class=\"yoast-schema-graph\">{\"@context\":\"https:\/\/schema.org\",\"@graph\":[{\"@type\":\"WebPage\",\"@id\":\"https:\/\/ric1.de\/index.php\/ueber-mich\/\",\"url\":\"https:\/\/ric1.de\/index.php\/ueber-mich\/\",\"name\":\"\u00dcber mich - der Richisseur\",\"isPartOf\":{\"@id\":\"https:\/\/ric1.de\/#website\"},\"datePublished\":\"2024-08-15T14:35:50+00:00\",\"dateModified\":\"2024-08-16T07:33:29+00:00\",\"breadcrumb\":{\"@id\":\"https:\/\/ric1.de\/index.php\/ueber-mich\/#breadcrumb\"},\"inLanguage\":\"de\"},{\"@type\":\"WebSite\",\"@id\":\"https:\/\/ric1.de\/#website\",\"url\":\"https:\/\/ric1.de\/\",\"name\":\"Musikvideos, Hochzeitsfilme, KI Videos\",\"description\":\"\",\"publisher\":{\"@id\":\"https:\/\/ric1.de\/#\/schema\/person\/64b4c241c66822c481a8be652f30a477\"},\"potentialAction\":[{\"@type\":\"SearchAction\",\"target\":{\"@type\":\"EntryPoint\",\"urlTemplate\":\"https:\/\/ric1.de\/?s={search_term_string}\"},\"query-input\":\"required name=search_term_string\"}],\"inLanguage\":\"de\"}]}<\/script>\n<!-- \/ Yoast SEO plugin. -->","yoast_head_json":{"title":"\u00dcber mich - der Richisseur","description":"Informationen \u00fcber den Filmemacher, pers\u00f6nlicher Background, Erfahrung mit Videoproduktion und Bearbeitung","robots":{"index":"index","follow":"follow","max-snippet":"max-snippet:-1","max-image-preview":"max-image-preview:large","max-video-preview":"max-video-preview:-1"},"canonical":"https:\/\/ric1.de\/index.php\/ueber-mich\/","og_locale":"de_DE","og_type":"article","og_title":"\u00dcber mich - der Richisseur","og_description":"Informationen \u00fcber den Filmemacher, pers\u00f6nlicher Background, Erfahrung mit Videoproduktion und Bearbeitung","og_url":"https:\/\/ric1.de\/index.php\/ueber-mich\/","og_site_name":"Home","article_modified_time":"2024-08-16T07:33:29+00:00","twitter_card":"summary_large_image","twitter_misc":{"Gesch\u00e4tzte Lesezeit":"1\u00a0Minute"},"schema":{"@context":"https:\/\/schema.org","@graph":[{"@type":"WebPage","@id":"https:\/\/ric1.de\/index.php\/ueber-mich\/","url":"https:\/\/ric1.de\/index.php\/ueber-mich\/","name":"\u00dcber mich - der Richisseur","isPartOf":{"@id":"https:\/\/ric1.de\/#website"},"datePublished":"2024-08-15T14:35:50+00:00","dateModified":"2024-08-16T07:33:29+00:00","breadcrumb":{"@id":"https:\/\/ric1.de\/index.php\/ueber-mich\/#breadcrumb"},"inLanguage":"de"},{"@type":"WebSite","@id":"https:\/\/ric1.de\/#website","url":"https:\/\/ric1.de\/","name":"Musikvideos, Hochzeitsfilme, KI Videos","description":"","publisher":{"@id":"https:\/\/ric1.de\/#\/schema\/person\/64b4c241c66822c481a8be652f30a477"},"potentialAction":[{"@type":"SearchAction","target":{"@type":"EntryPoint","urlTemplate":"https:\/\/ric1.de\/?s={search_term_string}"},"query-input":"required name=search_term_string"}],"inLanguage":"de"}]}},"_links":{"self":[{"href":"https:\/\/ric1.de\/index.php\/wp-json\/wp\/v2\/pages\/18","targetHints":{"allow":["GET"]}}],"collection":[{"href":"https:\/\/ric1.de\/index.php\/wp-json\/wp\/v2\/pages"}],"about":[{"href":"https:\/\/ric1.de\/index.php\/wp-json\/wp\/v2\/types\/page"}],"author":[{"embeddable":true,"href":"https:\/\/ric1.de\/index.php\/wp-json\/wp\/v2\/users\/1"}],"replies":[{"embeddable":true,"href":"https:\/\/ric1.de\/index.php\/wp-json\/wp\/v2\/comments?post=18"}],"version-history":[{"count":18,"href":"https:\/\/ric1.de\/index.php\/wp-json\/wp\/v2\/pages\/18\/revisions"}],"predecessor-version":[{"id":64,"href":"https:\/\/ric1.de\/index.php\/wp-json\/wp\/v2\/pages\/18\/revisions\/64"}],"wp:attachment":[{"href":"https:\/\/ric1.de\/index.php\/wp-json\/wp\/v2\/media?parent=18"}],"curies":[{"name":"wp","href":"https:\/\/api.w.org\/{rel}","templated":true}]}}